{"id":1826,"date":"2023-05-24T08:30:26","date_gmt":"2023-05-24T06:30:26","guid":{"rendered":"https:\/\/www.congres-ltf.fr\/terms-conditions\/"},"modified":"2023-09-06T14:48:36","modified_gmt":"2023-09-06T12:48:36","slug":"terms-conditions","status":"publish","type":"page","link":"https:\/\/www.congres-ltf.fr\/en\/terms-conditions\/","title":{"rendered":"Terms &amp; Conditions"},"content":{"rendered":"\t\t<div data-elementor-type=\"wp-page\" data-elementor-id=\"1826\" class=\"elementor elementor-1826 elementor-552\" data-elementor-post-type=\"page\">\n\t\t\t\t\t\t<section class=\"elementor-section elementor-top-section elementor-element elementor-element-f2a2b00 elementor-section-height-min-height elementor-section-boxed elementor-section-height-default elementor-section-items-middle\" data-id=\"f2a2b00\" data-element_type=\"section\" data-settings=\"{&quot;background_background&quot;:&quot;slideshow&quot;,&quot;background_slideshow_gallery&quot;:[{&quot;id&quot;:1567,&quot;url&quot;:&quot;https:\\\/\\\/www.congres-ltf.fr\\\/wp-content\\\/uploads\\\/2023\\\/06\\\/IMG_9577-scaled.jpg&quot;},{&quot;id&quot;:1579,&quot;url&quot;:&quot;https:\\\/\\\/www.congres-ltf.fr\\\/wp-content\\\/uploads\\\/2023\\\/06\\\/IMG_6232-scaled.jpg&quot;},{&quot;id&quot;:1631,&quot;url&quot;:&quot;https:\\\/\\\/www.congres-ltf.fr\\\/wp-content\\\/uploads\\\/2023\\\/06\\\/AdobeStock_410233732-scaled.jpeg&quot;}],&quot;background_slideshow_ken_burns&quot;:&quot;yes&quot;,&quot;background_slideshow_loop&quot;:&quot;yes&quot;,&quot;background_slideshow_slide_duration&quot;:5000,&quot;background_slideshow_slide_transition&quot;:&quot;fade&quot;,&quot;background_slideshow_transition_duration&quot;:500,&quot;background_slideshow_ken_burns_zoom_direction&quot;:&quot;in&quot;}\">\n\t\t\t\t\t\t\t<div class=\"elementor-background-overlay\"><\/div>\n\t\t\t\t\t\t\t<div class=\"elementor-container elementor-column-gap-default\">\n\t\t\t\t\t<div class=\"elementor-column elementor-col-100 elementor-top-column elementor-element elementor-element-1843454\" data-id=\"1843454\" data-element_type=\"column\" data-settings=\"{&quot;background_background&quot;:&quot;classic&quot;}\">\n\t\t\t<div class=\"elementor-widget-wrap elementor-element-populated\">\n\t\t\t\t\t\t<div class=\"elementor-element elementor-element-3c9a51a elementor-widget elementor-widget-heading\" data-id=\"3c9a51a\" data-element_type=\"widget\" data-widget_type=\"heading.default\">\n\t\t\t\t<div class=\"elementor-widget-container\">\n\t\t\t\t\t<h1 class=\"elementor-heading-title elementor-size-default\">TERMS &amp; CONDITIONS<\/h1>\t\t\t\t<\/div>\n\t\t\t\t<\/div>\n\t\t\t\t<div class=\"elementor-element elementor-element-805cf54 elementor-widget-divider--view-line elementor-widget elementor-widget-divider\" data-id=\"805cf54\" data-element_type=\"widget\" data-widget_type=\"divider.default\">\n\t\t\t\t<div class=\"elementor-widget-container\">\n\t\t\t\t\t\t\t<div class=\"elementor-divider\">\n\t\t\t<span class=\"elementor-divider-separator\">\n\t\t\t\t\t\t<\/span>\n\t\t<\/div>\n\t\t\t\t\t\t<\/div>\n\t\t\t\t<\/div>\n\t\t\t\t\t<\/div>\n\t\t<\/div>\n\t\t\t\t\t<\/div>\n\t\t<\/section>\n\t\t\t\t<section class=\"elementor-section elementor-top-section elementor-element elementor-element-55f37c2 elementor-section-boxed elementor-section-height-default elementor-section-height-default\" data-id=\"55f37c2\" data-element_type=\"section\">\n\t\t\t\t\t\t<div class=\"elementor-container elementor-column-gap-default\">\n\t\t\t\t\t<div class=\"elementor-column elementor-col-100 elementor-top-column elementor-element elementor-element-ef39117\" data-id=\"ef39117\" data-element_type=\"column\">\n\t\t\t<div class=\"elementor-widget-wrap elementor-element-populated\">\n\t\t\t\t\t\t<div class=\"elementor-element elementor-element-96fb614 elementor-widget elementor-widget-text-editor\" data-id=\"96fb614\" data-element_type=\"widget\" data-widget_type=\"text-editor.default\">\n\t\t\t\t<div class=\"elementor-widget-container\">\n\t\t\t\t\t\t\t\t\t<p>You are currently connected to the Lab To Field conference website, which belongs to the Lab To Field company.<\/p><p>Social denomination : LAB TO FIELD<br \/>S.A.R. L. with capital of 15 000 euros<br \/>RCS DIJON : 752 565 515<br \/>Head office : 26, boulevard Docteur Petitjean \u2013 BP 87999 \u2013 21079 DIJON Cedex<\/p><p>The publisher undertakes to comply with all laws concerning the establishment and operation of an Internet site.<\/p><p>\u00a0<\/p><h6>Director of publication<\/h6><p>Samy JULLIAND,<br \/>Director of LAB TO FIELD<\/p><p>\u00a0<\/p><h6>Graphic conception<\/h6><p>Groupe OCI<\/p><p>2 rue Andr\u00e9 Marie Amp\u00e8re<\/p><p>67450 Mundolsheim<\/p><p>\u00a0<\/p><h6>Development<\/h6><p class=\"MsoNormal\">Groupe OCI<\/p><p class=\"MsoNormal\">2 rue Andr\u00e9 Marie Amp\u00e8re<\/p><p class=\"MsoNormal\">67450 Mundolsheim<\/p><p>\u00a0<\/p><h6>Website hosting<\/h6><p>Groupe OCI<\/p><p>2 rue Andr\u00e9 Marie Amp\u00e8re<\/p><p>67450 Mundolsheim<\/p><p>\u00a0<\/p><h6>Photo credit<\/h6><p>All reproduction rights reserved, in France and abroad.<br \/>Copyright \u00a9 Samy Julliand<br \/>Copyright \u00a9 Adobe Stock<\/p><p>\u00a0<\/p><h6>Content, copyright and links<\/h6><p>Ce site respecte le droit d\u2019auteur. Tous les droits des auteurs des \u0153uvres prot\u00e9g\u00e9es reproduites et communiqu\u00e9es sur ce site, sont r\u00e9serv\u00e9s. Sauf autorisation, toute utilisation des \u0153uvres autres que la reproduction et la consultation individuelles et priv\u00e9es sont interdites.<\/p><p>Malgr\u00e9 tout le soin que nous apportons pour pr\u00e9server l\u2019int\u00e9grit\u00e9 des documents mis en ligne, des erreurs ne peuvent \u00eatre totalement exclues.<br \/>Par ailleurs, des liens vers d\u2019autres sites, priv\u00e9s ou officiels, fran\u00e7ais ou \u00e9trangers, sont propos\u00e9s dans ce site, ils n\u2019engagent en aucun cas les responsables du site quant \u00e0 leur contenu et ne visent qu\u2019\u00e0 permettre \u00e0 l\u2019internaute d\u2019acc\u00e9der plus facilement \u00e0 d\u2019autres ressources documentaires sur le sujet consult\u00e9. Si vous constatez des erreurs, nous vous remercions de nous les signaler en nous adressant un message \u00e9lectronique au moyen du formulaire mis \u00e0 votre disposition.<\/p><p>\u00a0<\/p><h6>Data protection<\/h6><p>Aucune information personnelle n\u2019est c\u00e9d\u00e9e \u00e0 des tiers.<br \/>En application de l\u2019article 27 de la loi Informatique et Libert\u00e9s n. 78.17 en date du 6 janvier 1978, toute personne dispose d\u2019un droit d\u2019acc\u00e8s, de rectification, de modification et de suppression concernant les donn\u00e9es qui la concernent. Elle peut exercer ce droit en envoyant un courrier \u00e9lectronique aux responsables du site.<\/p>\t\t\t\t\t\t\t\t<\/div>\n\t\t\t\t<\/div>\n\t\t\t\t\t<\/div>\n\t\t<\/div>\n\t\t\t\t\t<\/div>\n\t\t<\/section>\n\t\t\t\t<\/div>\n\t\t","protected":false},"excerpt":{"rendered":"<p>TERMS &amp; CONDITIONS You are currently connected to the Lab To Field conference website, which belongs to the Lab To Field company. Social denomination : LAB TO FIELDS.A.R. L. with capital of 15 000 eurosRCS DIJON : 752 565 515Head office : 26, boulevard Docteur Petitjean \u2013 BP 87999 \u2013 21079 DIJON Cedex The publisher [&hellip;]<\/p>\n","protected":false},"author":1,"featured_media":0,"parent":0,"menu_order":9,"comment_status":"closed","ping_status":"closed","template":"","meta":{"_acf_changed":false,"inline_featured_image":false,"footnotes":""},"class_list":["post-1826","page","type-page","status-publish","hentry"],"acf":[],"yoast_head":"<!-- This site is optimized with the Yoast SEO plugin v25.6 - https:\/\/yoast.com\/wordpress\/plugins\/seo\/ -->\n<title>Terms &amp; Conditions | Congr\u00e8s LTF<\/title>\n<meta name=\"robots\" content=\"index, follow, max-snippet:-1, max-image-preview:large, max-video-preview:-1\" \/>\n<link rel=\"canonical\" href=\"https:\/\/www.congres-ltf.fr\/en\/terms-conditions\/\" \/>\n<meta property=\"og:locale\" content=\"en_US\" \/>\n<meta property=\"og:type\" content=\"article\" \/>\n<meta property=\"og:title\" content=\"Terms &amp; Conditions | Congr\u00e8s LTF\" \/>\n<meta property=\"og:description\" content=\"TERMS &amp; CONDITIONS You are currently connected to the Lab To Field conference website, which belongs to the Lab To Field company. Social denomination : LAB TO FIELDS.A.R. L. with capital of 15 000 eurosRCS DIJON : 752 565 515Head office : 26, boulevard Docteur Petitjean \u2013 BP 87999 \u2013 21079 DIJON Cedex The publisher [&hellip;]\" \/>\n<meta property=\"og:url\" content=\"https:\/\/www.congres-ltf.fr\/en\/terms-conditions\/\" \/>\n<meta property=\"og:site_name\" content=\"Congr\u00e8s LTF\" \/>\n<meta property=\"article:modified_time\" content=\"2023-09-06T12:48:36+00:00\" \/>\n<meta name=\"twitter:card\" content=\"summary_large_image\" \/>\n<meta name=\"twitter:label1\" content=\"Est. reading time\" \/>\n\t<meta name=\"twitter:data1\" content=\"2 minutes\" \/>\n<script type=\"application\/ld+json\" class=\"yoast-schema-graph\">{\"@context\":\"https:\/\/schema.org\",\"@graph\":[{\"@type\":\"WebPage\",\"@id\":\"https:\/\/www.congres-ltf.fr\/en\/terms-conditions\/\",\"url\":\"https:\/\/www.congres-ltf.fr\/en\/terms-conditions\/\",\"name\":\"Terms &amp; Conditions | Congr\u00e8s LTF\",\"isPartOf\":{\"@id\":\"https:\/\/www.congres-ltf.fr\/#website\"},\"datePublished\":\"2023-05-24T06:30:26+00:00\",\"dateModified\":\"2023-09-06T12:48:36+00:00\",\"breadcrumb\":{\"@id\":\"https:\/\/www.congres-ltf.fr\/en\/terms-conditions\/#breadcrumb\"},\"inLanguage\":\"en-US\",\"potentialAction\":[{\"@type\":\"ReadAction\",\"target\":[\"https:\/\/www.congres-ltf.fr\/en\/terms-conditions\/\"]}]},{\"@type\":\"BreadcrumbList\",\"@id\":\"https:\/\/www.congres-ltf.fr\/en\/terms-conditions\/#breadcrumb\",\"itemListElement\":[{\"@type\":\"ListItem\",\"position\":1,\"name\":\"Accueil\",\"item\":\"https:\/\/www.congres-ltf.fr\/en\/\"},{\"@type\":\"ListItem\",\"position\":2,\"name\":\"Terms &amp; Conditions\"}]},{\"@type\":\"WebSite\",\"@id\":\"https:\/\/www.congres-ltf.fr\/#website\",\"url\":\"https:\/\/www.congres-ltf.fr\/\",\"name\":\"W'site - site de d\u00e9mo\",\"description\":\"\",\"publisher\":{\"@id\":\"https:\/\/www.congres-ltf.fr\/#organization\"},\"potentialAction\":[{\"@type\":\"SearchAction\",\"target\":{\"@type\":\"EntryPoint\",\"urlTemplate\":\"https:\/\/www.congres-ltf.fr\/?s={search_term_string}\"},\"query-input\":{\"@type\":\"PropertyValueSpecification\",\"valueRequired\":true,\"valueName\":\"search_term_string\"}}],\"inLanguage\":\"en-US\"},{\"@type\":\"Organization\",\"@id\":\"https:\/\/www.congres-ltf.fr\/#organization\",\"name\":\"W'site - site de d\u00e9mo\",\"url\":\"https:\/\/www.congres-ltf.fr\/\",\"logo\":{\"@type\":\"ImageObject\",\"inLanguage\":\"en-US\",\"@id\":\"https:\/\/www.congres-ltf.fr\/#\/schema\/logo\/image\/\",\"url\":\"https:\/\/www.congres-ltf.fr\/wp-content\/uploads\/2023\/05\/CONGRES-LTF-2024-simple.svg\",\"contentUrl\":\"https:\/\/www.congres-ltf.fr\/wp-content\/uploads\/2023\/05\/CONGRES-LTF-2024-simple.svg\",\"width\":218,\"height\":192,\"caption\":\"W'site - site de d\u00e9mo\"},\"image\":{\"@id\":\"https:\/\/www.congres-ltf.fr\/#\/schema\/logo\/image\/\"}}]}<\/script>\n<!-- \/ Yoast SEO plugin. -->","yoast_head_json":{"title":"Terms &amp; Conditions | Congr\u00e8s LTF","robots":{"index":"index","follow":"follow","max-snippet":"max-snippet:-1","max-image-preview":"max-image-preview:large","max-video-preview":"max-video-preview:-1"},"canonical":"https:\/\/www.congres-ltf.fr\/en\/terms-conditions\/","og_locale":"en_US","og_type":"article","og_title":"Terms &amp; Conditions | Congr\u00e8s LTF","og_description":"TERMS &amp; CONDITIONS You are currently connected to the Lab To Field conference website, which belongs to the Lab To Field company. Social denomination : LAB TO FIELDS.A.R. L. with capital of 15 000 eurosRCS DIJON : 752 565 515Head office : 26, boulevard Docteur Petitjean \u2013 BP 87999 \u2013 21079 DIJON Cedex The publisher [&hellip;]","og_url":"https:\/\/www.congres-ltf.fr\/en\/terms-conditions\/","og_site_name":"Congr\u00e8s LTF","article_modified_time":"2023-09-06T12:48:36+00:00","twitter_card":"summary_large_image","twitter_misc":{"Est. reading time":"2 minutes"},"schema":{"@context":"https:\/\/schema.org","@graph":[{"@type":"WebPage","@id":"https:\/\/www.congres-ltf.fr\/en\/terms-conditions\/","url":"https:\/\/www.congres-ltf.fr\/en\/terms-conditions\/","name":"Terms &amp; Conditions | Congr\u00e8s LTF","isPartOf":{"@id":"https:\/\/www.congres-ltf.fr\/#website"},"datePublished":"2023-05-24T06:30:26+00:00","dateModified":"2023-09-06T12:48:36+00:00","breadcrumb":{"@id":"https:\/\/www.congres-ltf.fr\/en\/terms-conditions\/#breadcrumb"},"inLanguage":"en-US","potentialAction":[{"@type":"ReadAction","target":["https:\/\/www.congres-ltf.fr\/en\/terms-conditions\/"]}]},{"@type":"BreadcrumbList","@id":"https:\/\/www.congres-ltf.fr\/en\/terms-conditions\/#breadcrumb","itemListElement":[{"@type":"ListItem","position":1,"name":"Accueil","item":"https:\/\/www.congres-ltf.fr\/en\/"},{"@type":"ListItem","position":2,"name":"Terms &amp; Conditions"}]},{"@type":"WebSite","@id":"https:\/\/www.congres-ltf.fr\/#website","url":"https:\/\/www.congres-ltf.fr\/","name":"W'site - site de d\u00e9mo","description":"","publisher":{"@id":"https:\/\/www.congres-ltf.fr\/#organization"},"potentialAction":[{"@type":"SearchAction","target":{"@type":"EntryPoint","urlTemplate":"https:\/\/www.congres-ltf.fr\/?s={search_term_string}"},"query-input":{"@type":"PropertyValueSpecification","valueRequired":true,"valueName":"search_term_string"}}],"inLanguage":"en-US"},{"@type":"Organization","@id":"https:\/\/www.congres-ltf.fr\/#organization","name":"W'site - site de d\u00e9mo","url":"https:\/\/www.congres-ltf.fr\/","logo":{"@type":"ImageObject","inLanguage":"en-US","@id":"https:\/\/www.congres-ltf.fr\/#\/schema\/logo\/image\/","url":"https:\/\/www.congres-ltf.fr\/wp-content\/uploads\/2023\/05\/CONGRES-LTF-2024-simple.svg","contentUrl":"https:\/\/www.congres-ltf.fr\/wp-content\/uploads\/2023\/05\/CONGRES-LTF-2024-simple.svg","width":218,"height":192,"caption":"W'site - site de d\u00e9mo"},"image":{"@id":"https:\/\/www.congres-ltf.fr\/#\/schema\/logo\/image\/"}}]}},"_links":{"self":[{"href":"https:\/\/www.congres-ltf.fr\/en\/wp-json\/wp\/v2\/pages\/1826","targetHints":{"allow":["GET"]}}],"collection":[{"href":"https:\/\/www.congres-ltf.fr\/en\/wp-json\/wp\/v2\/pages"}],"about":[{"href":"https:\/\/www.congres-ltf.fr\/en\/wp-json\/wp\/v2\/types\/page"}],"author":[{"embeddable":true,"href":"https:\/\/www.congres-ltf.fr\/en\/wp-json\/wp\/v2\/users\/1"}],"replies":[{"embeddable":true,"href":"https:\/\/www.congres-ltf.fr\/en\/wp-json\/wp\/v2\/comments?post=1826"}],"version-history":[{"count":3,"href":"https:\/\/www.congres-ltf.fr\/en\/wp-json\/wp\/v2\/pages\/1826\/revisions"}],"predecessor-version":[{"id":2996,"href":"https:\/\/www.congres-ltf.fr\/en\/wp-json\/wp\/v2\/pages\/1826\/revisions\/2996"}],"wp:attachment":[{"href":"https:\/\/www.congres-ltf.fr\/en\/wp-json\/wp\/v2\/media?parent=1826"}],"curies":[{"name":"wp","href":"https:\/\/api.w.org\/{rel}","templated":true}]}}